{"id":26,"date":"2026-03-11T11:15:12","date_gmt":"2026-03-11T11:15:12","guid":{"rendered":"https:\/\/zefwaki.top\/?page_id=26"},"modified":"2026-03-11T11:15:21","modified_gmt":"2026-03-11T11:15:21","slug":"contacto","status":"publish","type":"page","link":"https:\/\/zefwaki.top\/?page_id=26","title":{"rendered":"Contacto"},"content":{"rendered":"\n<p>Si est\u00e1s pensando en dar el paso hacia la energ\u00eda solar en Antequera o tienes cualquier duda sobre c\u00f3mo bajar tu factura de la luz, estoy aqu\u00ed para echarte una mano. Como vecino y profesional que conoce bien cada rinc\u00f3n de nuestra comarca, prefiero el trato directo y claro.<\/p>\n\n\n\n<p>Puedes contactar conmigo por tel\u00e9fono, visitarme en el despacho o enviarme un mensaje. Si no te cojo el tel\u00e9fono a la primera, probablemente estar\u00e9 subido en alg\u00fan tejado supervisando una instalaci\u00f3n, pero te devolver\u00e9 la llamada lo antes posible.<\/p>\n\n\n\n<p>Datos de contacto en Antequera<\/p>\n\n\n\n<p>Responsable: Carlos Ruiz<\/p>\n\n\n\n<p>Direcci\u00f3n: C. Herrezuelos, 27, 29200 Antequera, M\u00e1laga<\/p>\n\n\n\n<p>Tel\u00e9fono: +34 952 84 33 40<\/p>\n\n\n\n<p>Email: connect@zefwaki.top<\/p>\n\n\n\n<p>Horario de atenci\u00f3n<\/p>\n\n\n\n<p>Suelo estar disponible de lunes a viernes, de 09:00 a 18:00. Para visitas presenciales, te recomiendo avisar antes por tel\u00e9fono para asegurar que no me pilles fuera de la oficina visitando alguna obra en los alrededores.<\/p>\n\n\n\n<p>Si lo prefieres, puedes rellenar el formulario de esta web. Es la forma m\u00e1s r\u00e1pida para que pueda echarle un ojo a tu caso particular y darte una respuesta t\u00e9cnica detallada sobre lo que realmente necesita tu tejado.<\/p>\n\n\n\n<p>\u00bfQuieres que analicemos tu ahorro hoy mismo? Rellena el formulario de solicitud y me pondr\u00e9 en contacto contigo para coordinar una visita t\u00e9cnica gratuita en tu vivienda o negocio.<\/p>\n","protected":false},"excerpt":{"rendered":"<p>Si est\u00e1s pensando en dar el paso hacia la energ\u00eda solar en Antequera o tienes cualquier duda sobre c\u00f3mo bajar tu factura de la luz, estoy aqu\u00ed para echarte una<span class=\"more-button\"><a href=\"https:\/\/zefwaki.top\/?page_id=26\" class=\"more-link\">Seguir leyendo<span class=\"screen-reader-text\">Contacto<\/span><\/a><\/span><\/p>\n","protected":false},"author":1,"featured_media":0,"parent":0,"menu_order":7,"comment_status":"closed","ping_status":"closed","template":"","meta":{"footnotes":""},"class_list":["post-26","page","type-page","status-publish","hentry"],"_links":{"self":[{"href":"https:\/\/zefwaki.top\/index.php?rest_route=\/wp\/v2\/pages\/26","targetHints":{"allow":["GET"]}}],"collection":[{"href":"https:\/\/zefwaki.top\/index.php?rest_route=\/wp\/v2\/pages"}],"about":[{"href":"https:\/\/zefwaki.top\/index.php?rest_route=\/wp\/v2\/types\/page"}],"author":[{"embeddable":true,"href":"https:\/\/zefwaki.top\/index.php?rest_route=\/wp\/v2\/users\/1"}],"replies":[{"embeddable":true,"href":"https:\/\/zefwaki.top\/index.php?rest_route=%2Fwp%2Fv2%2Fcomments&post=26"}],"version-history":[{"count":1,"href":"https:\/\/zefwaki.top\/index.php?rest_route=\/wp\/v2\/pages\/26\/revisions"}],"predecessor-version":[{"id":27,"href":"https:\/\/zefwaki.top\/index.php?rest_route=\/wp\/v2\/pages\/26\/revisions\/27"}],"wp:attachment":[{"href":"https:\/\/zefwaki.top\/index.php?rest_route=%2Fwp%2Fv2%2Fmedia&parent=26"}],"curies":[{"name":"wp","href":"https:\/\/api.w.org\/{rel}","templated":true}]}}