{"id":17,"date":"2026-03-11T11:13:16","date_gmt":"2026-03-11T11:13:16","guid":{"rendered":"https:\/\/zefwaki.top\/?page_id=17"},"modified":"2026-03-11T11:13:19","modified_gmt":"2026-03-11T11:13:19","slug":"mantenimiento-de-placas-solares","status":"publish","type":"page","link":"https:\/\/zefwaki.top\/?page_id=17","title":{"rendered":"Mantenimiento de placas solares"},"content":{"rendered":"\n<p>Mucha gente en nuestra comarca de Antequera me para por la calle para preguntarme si despu\u00e9s de gastarse el dinero en la instalaci\u00f3n van a tener que estar subidos al tejado cada dos por tres con una manguera y un cepillo. Como alguien que ha trabajado en las obras de esta zona durante a\u00f1os entiendo perfectamente que nadie quiere comprarse un problema nuevo para su casa. Mi nombre es Carlos Ruiz y lo primero que le digo a mis vecinos es que las placas solares son probablemente el elemento m\u00e1s resistente y agradecido que pod\u00e9is poner en vuestra vivienda. Sin embargo no podemos olvidar que vivimos en el sur de Espa\u00f1a y aqu\u00ed el sol no viene solo sino que muchas veces llega acompa\u00f1ado de nuestra vieja conocida la calima. Ese polvo rojizo que viene del Sahara y que lo cubre todo en apenas unas horas es el \u00fanico enemigo real de la eficiencia de vuestros paneles si no sabemos c\u00f3mo gestionarlo de forma inteligente.<\/p>\n\n\n\n<figure class=\"wp-block-image size-large\"><img loading=\"lazy\" decoding=\"async\" width=\"1024\" height=\"576\" src=\"https:\/\/zefwaki.top\/wp-content\/uploads\/2026\/03\/ImiFeYgtiux8-1024x576.jpg\" alt=\"\" class=\"wp-image-18\" srcset=\"https:\/\/zefwaki.top\/wp-content\/uploads\/2026\/03\/ImiFeYgtiux8-1024x576.jpg 1024w, https:\/\/zefwaki.top\/wp-content\/uploads\/2026\/03\/ImiFeYgtiux8-300x169.jpg 300w, https:\/\/zefwaki.top\/wp-content\/uploads\/2026\/03\/ImiFeYgtiux8-768x432.jpg 768w, https:\/\/zefwaki.top\/wp-content\/uploads\/2026\/03\/ImiFeYgtiux8.jpg 1280w\" sizes=\"auto, (max-width: 1024px) 100vw, 1024px\" \/><\/figure>\n\n\n\n<p>La realidad es que el mantenimiento de una instalaci\u00f3n moderna en este dos mil veintis\u00e9is es m\u00ednimo pero no es inexistente si queremos que los n\u00fameros de la factura sigan siendo tan bajos como el primer d\u00eda. Los paneles est\u00e1n dise\u00f1ados para aguantar granizo vientos fuertes y temperaturas extremas pero la acumulaci\u00f3n de suciedad y polvo puede crear una fina capa que impide que las c\u00e9lulas reciban toda la potencia de nuestro sol andaluz. En mi experiencia un panel sucio por la calima puede llegar a perder hasta un veinte por ciento de su capacidad de producci\u00f3n si se deja abandonado a su suerte durante meses. No hace falta volverse loco limpiando pero s\u00ed es recomendable echarle un vistazo a la aplicaci\u00f3n del m\u00f3vil de vez en cuando. Si ves que en un d\u00eda despejado de los nuestros la producci\u00f3n es menor de lo habitual lo m\u00e1s probable es que necesiten un poco de agua.<\/p>\n\n\n\n<p>Lo ideal es realizar una limpieza suave un par de veces al a\u00f1o o despu\u00e9s de un episodio fuerte de lluvia de barro. Lo m\u00e1s importante es hacerlo siempre a primera hora de la ma\u00f1ana o al atardecer cuando los paneles no est\u00e1n ardiendo por el sol para evitar un choque t\u00e9rmico que pueda da\u00f1ar el cristal templado. No se necesitan productos qu\u00edmicos raros ni jabones especiales porque el agua corriente es m\u00e1s que suficiente para arrastrar la arena y el polvo de la superficie. Es una tarea sencilla que cualquier empresa de confianza de la zona puede hacer por vosotros si no quer\u00e9is o no pod\u00e9is subir al tejado. Al final se trata de proteger una inversi\u00f3n que os va a durar m\u00e1s de veinticinco a\u00f1os y dedicarle media hora al a\u00f1o es un precio muy peque\u00f1o por mantener la m\u00e1xima rentabilidad en vuestra propia casa.<\/p>\n\n\n\n<p>Adem\u00e1s de la limpieza superficial yo siempre recomiendo una revisi\u00f3n t\u00e9cnica profesional cada dos o tres a\u00f1os para comprobar que las conexiones el\u00e9ctricas siguen perfectas y que el inversor est\u00e1 funcionando al m\u00e1ximo rendimiento. El calor de Antequera puede ser muy duro con los componentes electr\u00f3nicos y un ojo experto puede detectar cualquier peque\u00f1o detalle antes de que se convierta en un fallo. En mi \u00e9poca de constructor aprend\u00ed que lo que bien se cuida bien dura y con la energ\u00eda solar esto se cumple a rajatabla. Es una satisfacci\u00f3n inmensa ver c\u00f3mo pasan los a\u00f1os y tu instalaci\u00f3n sigue ah\u00ed arriba imperturbable convirtiendo el calor sofocante en ahorro directo para tu bolsillo sin que apenas te des cuenta.<\/p>\n\n\n\n<p>No dejes que las ayudas de este a\u00f1o se agoten sin que t\u00fa te hayas beneficiado. Si quieres que analicemos qu\u00e9 subvenciones y deducciones fiscales puedes aplicar a tu caso concreto en Antequera rellena el formulario ahora mismo. Un especialista local se pondr\u00e1 en contacto contigo para aclararte todas las dudas sobre el precio final tras las ayudas.<\/p>\n","protected":false},"excerpt":{"rendered":"<p>Mucha gente en nuestra comarca de Antequera me para por la calle para preguntarme si despu\u00e9s de gastarse el dinero en la instalaci\u00f3n van a tener que estar subidos al<span class=\"more-button\"><a href=\"https:\/\/zefwaki.top\/?page_id=17\" class=\"more-link\">Seguir leyendo<span class=\"screen-reader-text\">Mantenimiento de placas solares<\/span><\/a><\/span><\/p>\n","protected":false},"author":1,"featured_media":0,"parent":0,"menu_order":3,"comment_status":"closed","ping_status":"closed","template":"","meta":{"footnotes":""},"class_list":["post-17","page","type-page","status-publish","hentry"],"_links":{"self":[{"href":"https:\/\/zefwaki.top\/index.php?rest_route=\/wp\/v2\/pages\/17","targetHints":{"allow":["GET"]}}],"collection":[{"href":"https:\/\/zefwaki.top\/index.php?rest_route=\/wp\/v2\/pages"}],"about":[{"href":"https:\/\/zefwaki.top\/index.php?rest_route=\/wp\/v2\/types\/page"}],"author":[{"embeddable":true,"href":"https:\/\/zefwaki.top\/index.php?rest_route=\/wp\/v2\/users\/1"}],"replies":[{"embeddable":true,"href":"https:\/\/zefwaki.top\/index.php?rest_route=%2Fwp%2Fv2%2Fcomments&post=17"}],"version-history":[{"count":1,"href":"https:\/\/zefwaki.top\/index.php?rest_route=\/wp\/v2\/pages\/17\/revisions"}],"predecessor-version":[{"id":19,"href":"https:\/\/zefwaki.top\/index.php?rest_route=\/wp\/v2\/pages\/17\/revisions\/19"}],"wp:attachment":[{"href":"https:\/\/zefwaki.top\/index.php?rest_route=%2Fwp%2Fv2%2Fmedia&parent=17"}],"curies":[{"name":"wp","href":"https:\/\/api.w.org\/{rel}","templated":true}]}}